{"id":696,"date":"2023-11-23T12:36:00","date_gmt":"2023-11-23T11:36:00","guid":{"rendered":"https:\/\/jkn.se\/?page_id=696"},"modified":"2023-11-23T12:38:30","modified_gmt":"2023-11-23T11:38:30","slug":"cookiepolicy","status":"publish","type":"page","link":"https:\/\/jkn.se\/en\/cookiepolicy\/","title":{"rendered":"Cookiepolicy"},"content":{"rendered":"<div class=\"column medium-10 medium-offset-1\">\n<h5 class=\"wp-block-heading\">Vad \u00e4r cookies?<\/h5>\n<\/div><div class=\"column medium-10 medium-offset-1\">\n\n<\/div><div class=\"column medium-10 medium-offset-1\">\n<p>Cookies \u00e4r sm\u00e5 textfiler som anv\u00e4nds f\u00f6r att lagra sm\u00e5 bitar av information. De lagras p\u00e5 din enhet n\u00e4r webbplatsen laddas i din webbl\u00e4sare. Dessa cookies hj\u00e4lper oss att f\u00e5 webbplatsen att fungera korrekt, g\u00f6ra den s\u00e4krare, ge en b\u00e4ttre anv\u00e4ndarupplevelse och f\u00f6rst\u00e5 hur webbplatsen fungerar och att analysera vad som fungerar och var den beh\u00f6ver f\u00f6rb\u00e4ttras.<\/p>\n<\/div><div class=\"column medium-10 medium-offset-1\">\n\n<\/div><div class=\"column medium-10 medium-offset-1\">\n<h5 class=\"wp-block-heading\">Hur anv\u00e4nder vi cookies?<\/h5>\n<\/div><div class=\"column medium-10 medium-offset-1\">\n\n<\/div><div class=\"column medium-10 medium-offset-1\">\n<p>Som de flesta hemsidor anv\u00e4nder \u00e4ven v\u00e5ran webbplats f\u00f6rstaparts- och tredjepartscookies. <\/p>\n<\/div><div class=\"column medium-10 medium-offset-1\">\n\n<\/div><div class=\"column medium-10 medium-offset-1\">\n<p>F\u00f6rstapartscookies \u00e4r oftast n\u00f6dv\u00e4ndiga f\u00f6r att webbplatsen ska fungera p\u00e5 r\u00e4tt s\u00e4tt, och de samlar inte in n\u00e5gon av dina personligt identifierbara uppgifter.<\/p>\n<\/div><div class=\"column medium-10 medium-offset-1\">\n\n<\/div><div class=\"column medium-10 medium-offset-1\">\n<p>De tredjepartscookies som anv\u00e4nds p\u00e5 v\u00e5r webbplats \u00e4r fr\u00e4mst f\u00f6r att f\u00f6rst\u00e5 hur webbplatsen fungerar, hur du interagerar med v\u00e5r webbplats, f\u00f6r att h\u00e5lla v\u00e5ra tj\u00e4nster s\u00e4kra, tillhandah\u00e5lla annonser som \u00e4r relevanta f\u00f6r dig och allt som allt ge dig en b\u00e4ttre och f\u00f6rb\u00e4ttrad anv\u00e4ndare uppleva och hj\u00e4lpa till att p\u00e5skynda dina framtida interaktioner med v\u00e5r webbplats.<\/p>\n<\/div><div class=\"column medium-10 medium-offset-1\">\n\n<\/div><div class=\"column medium-10 medium-offset-1\">\n<h5 class=\"wp-block-heading\">Cookies som vi anv\u00e4nder<\/h5>\n<\/div><div class=\"column medium-10 medium-offset-1\">\n\n<\/div><div class=\"column medium-10 medium-offset-1\">\n<div class=\"cky-audit-table-element\"><\/div>\n<\/div><div class=\"column medium-10 medium-offset-1\">\n\n<\/div><div class=\"column medium-10 medium-offset-1\">\n<h5 class=\"wp-block-heading\">Best\u00e4m hur vi hanterar dina cookies<\/h5>\n<\/div><div class=\"column medium-10 medium-offset-1\">\n\n<\/div><div class=\"column medium-10 medium-offset-1\">\n<a class=\"cky-banner-element\">Justera dina val<\/a>\n<\/div><div class=\"column medium-10 medium-offset-1\">\n\n<\/div><div class=\"column medium-10 medium-offset-1\">\n<p>Du kan \u00e4ndra dina cookie-preferenser n\u00e4r som helst genom att klicka p\u00e5 knappen ovan. Detta l\u00e5ter dig bes\u00f6ka bannern f\u00f6r samtycke f\u00f6r cookies igen och \u00e4ndra dina inst\u00e4llningar eller dra tillbaka ditt samtycke direkt.<\/p>\n<\/div><div class=\"column medium-10 medium-offset-1\">\n\n<\/div><div class=\"column medium-10 medium-offset-1\">\n<p>Ut\u00f6ver detta erbjuder olika webbl\u00e4sare olika metoder f\u00f6r att blockera och ta bort cookies som anv\u00e4nds av webbplatser. Du kan \u00e4ndra inst\u00e4llningarna i din webbl\u00e4sare f\u00f6r att blockera\/radera cookies. Nedan listas l\u00e4nkarna till supportdokumenten om hur man hanterar och raderar cookies fr\u00e5n de stora webbl\u00e4sarna.<\/p>\n<\/div><div class=\"column medium-10 medium-offset-1\">\n\n<\/div><div class=\"column medium-10 medium-offset-1\">\n<p>Chrome:&nbsp;<a href=\"https:\/\/support.google.com\/accounts\/answer\/32050\" target=\"_blank\" rel=\"noreferrer noopener\">https:\/\/support.google.com\/accounts\/answer\/32050<\/a><\/p>\n<\/div><div class=\"column medium-10 medium-offset-1\">\n\n<\/div><div class=\"column medium-10 medium-offset-1\">\n<p>Safari:&nbsp;<a href=\"https:\/\/support.apple.com\/en-in\/guide\/safari\/sfri11471\/mac\" target=\"_blank\" rel=\"noreferrer noopener\">https:\/\/support.apple.com\/en-in\/guide\/safari\/sfri11471\/mac<\/a><\/p>\n<\/div><div class=\"column medium-10 medium-offset-1\">\n\n<\/div><div class=\"column medium-10 medium-offset-1\">\n<p>Firefox:&nbsp;<a href=\"https:\/\/support.mozilla.org\/en-US\/kb\/clear-cookies-and-site-data-firefox?redirectslug=delete-cookies-remove-info-websites-stored&amp;redirectlocale=en-US\" target=\"_blank\" rel=\"noreferrer noopener\">https:\/\/support.mozilla.org\/en-US\/kb\/clear-cookies-and-site-data-firefox?redirectslug=delete-cookies-remove-info-websites-stored&amp;redirectlocale=en-US<\/a><\/p>\n<\/div><div class=\"column medium-10 medium-offset-1\">\n\n<\/div><div class=\"column medium-10 medium-offset-1\">\n<p>Internet Explorer:&nbsp;<a href=\"https:\/\/support.microsoft.com\/en-us\/topic\/how-to-delete-cookie-files-in-internet-explorer-bca9446f-d873-78de-77ba-d42645fa52fc\" target=\"_blank\" rel=\"noreferrer noopener\">https:\/\/support.microsoft.com\/en-us\/topic\/how-to-delete-cookie-files-in-internet-explorer-bca9446f-d873-78de-77ba-d42645fa52fc<\/a><\/p>\n<\/div><div class=\"column medium-10 medium-offset-1\">\n\n<\/div><div class=\"column medium-10 medium-offset-1\">\n<p>Om du anv\u00e4nder n\u00e5gon annan webbl\u00e4sare, bes\u00f6k din webbl\u00e4sares officiella supportdokument.<\/p>\n<\/div>","protected":false},"excerpt":{"rendered":"<p>Vad \u00e4r cookies? Cookies \u00e4r sm\u00e5 textfiler som anv\u00e4nds f\u00f6r att lagra sm\u00e5 bitar av information. De lagras p\u00e5 din enhet n\u00e4r webbplatsen laddas i din webbl\u00e4sare. Dessa cookies hj\u00e4lper oss att f\u00e5 webbplatsen att fungera korrekt, g\u00f6ra den s\u00e4krare, ge en b\u00e4ttre anv\u00e4ndarupplevelse och f\u00f6rst\u00e5 hur webbplatsen fungerar och att analysera vad som fungerar [&hellip;]<\/p>","protected":false},"author":10,"featured_media":0,"parent":0,"menu_order":0,"comment_status":"closed","ping_status":"closed","template":"page-templates\/terms.php","meta":[],"_links":{"self":[{"href":"https:\/\/jkn.se\/en\/wp-json\/wp\/v2\/pages\/696"}],"collection":[{"href":"https:\/\/jkn.se\/en\/wp-json\/wp\/v2\/pages"}],"about":[{"href":"https:\/\/jkn.se\/en\/wp-json\/wp\/v2\/types\/page"}],"author":[{"embeddable":true,"href":"https:\/\/jkn.se\/en\/wp-json\/wp\/v2\/users\/10"}],"replies":[{"embeddable":true,"href":"https:\/\/jkn.se\/en\/wp-json\/wp\/v2\/comments?post=696"}],"version-history":[{"count":7,"href":"https:\/\/jkn.se\/en\/wp-json\/wp\/v2\/pages\/696\/revisions"}],"predecessor-version":[{"id":704,"href":"https:\/\/jkn.se\/en\/wp-json\/wp\/v2\/pages\/696\/revisions\/704"}],"wp:attachment":[{"href":"https:\/\/jkn.se\/en\/wp-json\/wp\/v2\/media?parent=696"}],"curies":[{"name":"wp","href":"https:\/\/api.w.org\/{rel}","templated":true}]}}