{"id":86,"date":"2020-09-02T07:21:49","date_gmt":"2020-09-02T07:21:49","guid":{"rendered":"https:\/\/jkn.se\/?page_id=86"},"modified":"2023-04-17T09:28:58","modified_gmt":"2023-04-17T07:28:58","slug":"integritetspolicy","status":"publish","type":"page","link":"https:\/\/jkn.se\/en\/integritetspolicy\/","title":{"rendered":"Privacy Policy"},"content":{"rendered":"<div class=\"column medium-10 medium-offset-1\">\n<p>JKN Advokatbyr\u00e5 would never do anything that would jeopardize your privacy.&nbsp;<\/p>\n<\/div><div class=\"column medium-10 medium-offset-1\">\n\n<\/div><div class=\"column medium-10 medium-offset-1\">\n<p>Personal information is everything that makes another person know that a person is that person.<\/p>\n<\/div><div class=\"column medium-10 medium-offset-1\">\n\n<\/div><div class=\"column medium-10 medium-offset-1\">\n<p>We only use personal data to (i) perform peer review, (ii) communicate with our clients, (iii), invoice our clients.<\/p>\n<\/div><div class=\"column medium-10 medium-offset-1\">\n\n<\/div><div class=\"column medium-10 medium-offset-1\">\n<p>Personal information we use is name, sometimes social security number, address, e-mail address, account information.<\/p>\n<\/div><div class=\"column medium-10 medium-offset-1\">\n\n<\/div><div class=\"column medium-10 medium-offset-1\">\n<p>We do not disclose your personal information to anyone without your consent.<\/p>\n<\/div><div class=\"column medium-10 medium-offset-1\">\n\n<\/div><div class=\"column medium-10 medium-offset-1\">\n<p>We have taken measures to protect your personal data.<\/p>\n<\/div><div class=\"column medium-10 medium-offset-1\">\n\n<\/div><div class=\"column medium-10 medium-offset-1\">\n<p>We have an agreement with another company that handles accounting and invoicing, and with that company we have entered into a Personal Data Assistant Agreement which, among other things, means that the company must follow our Personal Data Policy.<\/p>\n<\/div><div class=\"column medium-10 medium-offset-1\">\n\n<\/div><div class=\"column medium-10 medium-offset-1\">\n<p>If you want the personal information we have registered about you to be deleted, just contact us. We will immediately comply with your request if we are not forced to keep the information due to rules that apply to lawyers or because the state&#39;s rules make it impossible for us to delete the information.&nbsp;<\/p>\n<\/div><div class=\"column medium-10 medium-offset-1\">\n\n<\/div><div class=\"column medium-10 medium-offset-1\">\n<p>Personal data we do not need about you, we delete.<\/p>\n<\/div><div class=\"column medium-10 medium-offset-1\">\n\n<\/div><div class=\"column medium-10 medium-offset-1\">\n<p>If you are dissatisfied with how we process your information, you can contact the Data Inspectorate.<\/p>\n<\/div><div class=\"column medium-10 medium-offset-1\">\n\n<\/div><div class=\"column medium-10 medium-offset-1\">\n<p>The only reason we use personal data is because we have to safeguard our clients&#39; interests.<\/p>\n<\/div><div class=\"column medium-10 medium-offset-1\">\n\n<\/div><div class=\"column medium-10 medium-offset-1\">\n<p>Personuppgiftsansvarig \u00e4r JKN Advokat KB, V\u00e4stra Tr\u00e4dg\u00e5rdsgatan 8, 111 53, Stockholm.<\/p>\n<\/div><div class=\"column medium-10 medium-offset-1\">\n\n<\/div><div class=\"column medium-10 medium-offset-1\">\n<p><a href=\"mailto:info@jkn.se\" class=\"rank-math-link\">info@jkn.se<\/a><\/p>\n<\/div>","protected":false},"excerpt":{"rendered":"<p>JKN Advokatbyr\u00e5 would never do anything that would jeopardize your privacy. Personal information is everything that makes another person know that a person is that person. We only use personal data to (i) perform peer review, (ii) communicate with our clients, (iii), invoice our clients. Personal information we use is name, sometimes social security number, address, e-mail address, account information. We [\u2026]<\/p>","protected":false},"author":10,"featured_media":0,"parent":0,"menu_order":0,"comment_status":"closed","ping_status":"closed","template":"page-templates\/terms.php","meta":[],"_links":{"self":[{"href":"https:\/\/jkn.se\/en\/wp-json\/wp\/v2\/pages\/86"}],"collection":[{"href":"https:\/\/jkn.se\/en\/wp-json\/wp\/v2\/pages"}],"about":[{"href":"https:\/\/jkn.se\/en\/wp-json\/wp\/v2\/types\/page"}],"author":[{"embeddable":true,"href":"https:\/\/jkn.se\/en\/wp-json\/wp\/v2\/users\/10"}],"replies":[{"embeddable":true,"href":"https:\/\/jkn.se\/en\/wp-json\/wp\/v2\/comments?post=86"}],"version-history":[{"count":7,"href":"https:\/\/jkn.se\/en\/wp-json\/wp\/v2\/pages\/86\/revisions"}],"predecessor-version":[{"id":586,"href":"https:\/\/jkn.se\/en\/wp-json\/wp\/v2\/pages\/86\/revisions\/586"}],"wp:attachment":[{"href":"https:\/\/jkn.se\/en\/wp-json\/wp\/v2\/media?parent=86"}],"curies":[{"name":"wp","href":"https:\/\/api.w.org\/{rel}","templated":true}]}}